{"id":24,"date":"2025-03-17T18:39:50","date_gmt":"2025-03-17T18:39:50","guid":{"rendered":"https:\/\/umbella.pl\/?page_id=24"},"modified":"2025-10-13T21:04:03","modified_gmt":"2025-10-13T21:04:03","slug":"terapia-mowy","status":"publish","type":"page","link":"https:\/\/umbella.pl\/index.php\/terapia-mowy\/","title":{"rendered":"Terapia mowy"},"content":{"rendered":"\n<figure class=\"wp-block-image aligncenter size-full\"><img loading=\"lazy\" decoding=\"async\" width=\"512\" height=\"208\" src=\"http:\/\/umbella.pl\/wp-content\/uploads\/2025\/03\/wniebogloski_blue.png\" alt=\"\" class=\"wp-image-107\" srcset=\"https:\/\/umbella.pl\/wp-content\/uploads\/2025\/03\/wniebogloski_blue.png 512w, https:\/\/umbella.pl\/wp-content\/uploads\/2025\/03\/wniebogloski_blue-300x122.png 300w\" sizes=\"auto, (max-width: 512px) 100vw, 512px\" \/><\/figure>\n\n\n\n<p>Specjalizuj\u0119 si\u0119 w diagnozowaniu oraz terapii zaburze\u0144 mowy i komunikacji pochodzenia neurologicznego.<\/p>\n\n\n\n<p>W terapii niemowl\u0105t k\u0142ad\u0119 nacisk na stymulacj\u0119 prawid\u0142owego rozwoju funkcji oralnych i przygotowanie do nauki mowy. Dzieciom i m\u0142odzie\u017cy pomagam rozwija\u0107 sprawno\u015b\u0107 j\u0119zykow\u0105, poprawia\u0107 artykulacj\u0119, pokonywa\u0107 op\u00f3\u017anienia mowy oraz trudno\u015bci wynikaj\u0105ce z r\u00f3\u017cnych zaburze\u0144 rozwojowych. Osoby doros\u0142e wspieram w terapii po urazach neurologicznych, wylewach, chorobach neurodegeneracyjnych oraz w problemach z komunikacj\u0105 wynikaj\u0105cych z innych przyczyn medycznych.<\/p>\n\n\n\n<p>W rehabilitacji stosuj\u0119 nowoczesne i skuteczne metody, m.in. kinesiotaping medyczny oraz terapi\u0119 r\u0119ki.<\/p>\n\n\n\n<p>Cennik us\u0142ug:<\/p>\n\n\n\n<ul class=\"wp-block-list\">\n<li>konsultacja logopedyczna: 45 min.\/200 z\u0142<\/li>\n\n\n\n<li>konsultacja neurologopedyczna: 45 min.\/220 z\u0142<\/li>\n\n\n\n<li>terapia logopedyczna: 45 min.\/160 z\u0142<\/li>\n\n\n\n<li>terapia neurologopedyczna: 45 min.\/180 z\u0142<\/li>\n\n\n\n<li>opinia logopedyczna: 120 z\u0142<\/li>\n<\/ul>\n\n\n\n<p>Problemy i choroby, kt\u00f3rymi si\u0119 zajmuj\u0119:<\/p>\n\n\n\n<ul class=\"wp-block-list\">\n<li>wady wymowy<\/li>\n\n\n\n<li>zaburzenia mowy<\/li>\n\n\n\n<li>afazja<\/li>\n\n\n\n<li>spektrum autyzmu<\/li>\n\n\n\n<li>zesp\u00f3\u0142 Downa<\/li>\n\n\n\n<li>m\u00f3zgowe pora\u017cenie dzieci\u0119ce<\/li>\n<\/ul>\n\n\n\n<p>Rejestracja: <a href=\"mailto: wniebogloski@umbella.pl\">wniebogloski@umbella.pl<\/a><\/p>\n\n\n\n<p><\/p>\n","protected":false},"excerpt":{"rendered":"<p>Specjalizuj\u0119 si\u0119 w diagnozowaniu oraz terapii zaburze\u0144 mowy i komunikacji pochodzenia neurologicznego. W terapii niemowl\u0105t k\u0142ad\u0119 nacisk na stymulacj\u0119 prawid\u0142owego rozwoju funkcji oralnych i przygotowanie do nauki mowy. Dzieciom i m\u0142odzie\u017cy pomagam rozwija\u0107 sprawno\u015b\u0107 j\u0119zykow\u0105, poprawia\u0107 artykulacj\u0119, pokonywa\u0107 op\u00f3\u017anienia mowy oraz trudno\u015bci wynikaj\u0105ce z r\u00f3\u017cnych zaburze\u0144 rozwojowych. Osoby doros\u0142e wspieram w terapii po urazach neurologicznych, [&hellip;]<\/p>\n","protected":false},"author":1,"featured_media":0,"parent":0,"menu_order":0,"comment_status":"closed","ping_status":"closed","template":"","meta":{"footnotes":""},"class_list":["post-24","page","type-page","status-publish","hentry"],"_links":{"self":[{"href":"https:\/\/umbella.pl\/index.php\/wp-json\/wp\/v2\/pages\/24","targetHints":{"allow":["GET"]}}],"collection":[{"href":"https:\/\/umbella.pl\/index.php\/wp-json\/wp\/v2\/pages"}],"about":[{"href":"https:\/\/umbella.pl\/index.php\/wp-json\/wp\/v2\/types\/page"}],"author":[{"embeddable":true,"href":"https:\/\/umbella.pl\/index.php\/wp-json\/wp\/v2\/users\/1"}],"replies":[{"embeddable":true,"href":"https:\/\/umbella.pl\/index.php\/wp-json\/wp\/v2\/comments?post=24"}],"version-history":[{"count":17,"href":"https:\/\/umbella.pl\/index.php\/wp-json\/wp\/v2\/pages\/24\/revisions"}],"predecessor-version":[{"id":185,"href":"https:\/\/umbella.pl\/index.php\/wp-json\/wp\/v2\/pages\/24\/revisions\/185"}],"wp:attachment":[{"href":"https:\/\/umbella.pl\/index.php\/wp-json\/wp\/v2\/media?parent=24"}],"curies":[{"name":"wp","href":"https:\/\/api.w.org\/{rel}","templated":true}]}}