{"id":30,"date":"2025-03-17T18:56:59","date_gmt":"2025-03-17T18:56:59","guid":{"rendered":"https:\/\/umbella.pl\/?page_id=30"},"modified":"2025-10-13T21:03:37","modified_gmt":"2025-10-13T21:03:37","slug":"wsparcie-psychologiczne","status":"publish","type":"page","link":"https:\/\/umbella.pl\/index.php\/wsparcie-psychologiczne\/","title":{"rendered":"Wsparcie psychologiczne"},"content":{"rendered":"\n<figure class=\"wp-block-image aligncenter size-full\"><img loading=\"lazy\" decoding=\"async\" width=\"512\" height=\"208\" src=\"http:\/\/umbella.pl\/wp-content\/uploads\/2025\/03\/spokojnaglowa.png\" alt=\"\" class=\"wp-image-119\" srcset=\"https:\/\/umbella.pl\/wp-content\/uploads\/2025\/03\/spokojnaglowa.png 512w, https:\/\/umbella.pl\/wp-content\/uploads\/2025\/03\/spokojnaglowa-300x122.png 300w\" sizes=\"auto, (max-width: 512px) 100vw, 512px\" \/><\/figure>\n\n\n\n<p>Jestem psychologiem o specjalno\u015bci: <em>psychoseksuologia<\/em>. Moj\u0105 pasj\u0105 i celem jest wspieranie innych w odkrywaniu siebie, radzeniu sobie z trudno\u015bciami oraz budowaniu satysfakcjonuj\u0105cych relacji.<\/p>\n\n\n\n<p>W szczeg\u00f3lno\u015bci zajmuj\u0119 si\u0119 prowadzeniem konsultacji i terapii dzieci oraz m\u0142odzie\u017cy, a tak\u017ce prac\u0105 z rodzicami, pomagaj\u0105c im zrozumie\u0107 problemy, potrzeby i emocje ich dzieci. Wspieram osoby doros\u0142e, kt\u00f3re do\u015bwiadczaj\u0105 wypalenia zawodowego, prze\u017cywaj\u0105 kryzysy w zwi\u0105zkach lub chc\u0105 naprawi\u0107 swoje relacje. Pracuj\u0119 tak\u017ce z parami, kt\u00f3rym zale\u017cy na odnalezieniu porozumienia i odbudowie blisko\u015bci.<br><br>Do ka\u017cdej osoby podchodz\u0119 z bezwarunkow\u0105 dyskrecj\u0105, pe\u0142nym szacunkiem, empati\u0105 i zaanga\u017cowaniem wierz\u0105c, \u017ce ka\u017cdy ma w sobie si\u0142\u0119 do zmiany i rozwoju. Moim celem jest stworzenie bezpiecznej przestrzeni, w kt\u00f3rej mo\u017cna otwarcie m\u00f3wi\u0107 o swoich emocjach i wyzwaniach, oraz pracowa\u0107 nad popraw\u0105 dobrostanu.<\/p>\n\n\n\n<p>Cennik us\u0142ug:<\/p>\n\n\n\n<ul class=\"wp-block-list\">\n<li>konsultacje psychologiczne: 45 min.\/200 z\u0142<\/li>\n\n\n\n<li>porady psychologiczne: 60 min.\/300 z\u0142<\/li>\n\n\n\n<li>terapia psychoseksuologiczna: 60 min.\/250 z\u0142<\/li>\n\n\n\n<li>terapia psychologiczno-pedagogiczna: 45 min.\/200 z\u0142<\/li>\n<\/ul>\n\n\n\n<p>Problemy i choroby, kt\u00f3rymi si\u0119 zajmuj\u0119:<\/p>\n\n\n\n<ul class=\"wp-block-list\">\n<li>depresja<\/li>\n\n\n\n<li>stany l\u0119kowe<\/li>\n\n\n\n<li>fobia spo\u0142eczna<\/li>\n\n\n\n<li>zaburzenia emocjonalne<\/li>\n\n\n\n<li>zaburzenia nastroju<\/li>\n\n\n\n<li>kryzys emocjonalny<\/li>\n\n\n\n<li>zaburzenia psychosomatyczne<\/li>\n\n\n\n<li>zaburzenia seksualne<\/li>\n<\/ul>\n\n\n\n<p>Rejestracja: <a href=\"mailto: spokojnaglowa@umbella.pl\">spokojnaglowa@umbella.pl<\/a><\/p>\n\n\n\n<p><\/p>\n","protected":false},"excerpt":{"rendered":"<p>Jestem psychologiem o specjalno\u015bci: psychoseksuologia. Moj\u0105 pasj\u0105 i celem jest wspieranie innych w odkrywaniu siebie, radzeniu sobie z trudno\u015bciami oraz budowaniu satysfakcjonuj\u0105cych relacji. W szczeg\u00f3lno\u015bci zajmuj\u0119 si\u0119 prowadzeniem konsultacji i terapii dzieci oraz m\u0142odzie\u017cy, a tak\u017ce prac\u0105 z rodzicami, pomagaj\u0105c im zrozumie\u0107 problemy, potrzeby i emocje ich dzieci. Wspieram osoby doros\u0142e, kt\u00f3re do\u015bwiadczaj\u0105 wypalenia zawodowego, [&hellip;]<\/p>\n","protected":false},"author":1,"featured_media":0,"parent":0,"menu_order":0,"comment_status":"closed","ping_status":"closed","template":"","meta":{"footnotes":""},"class_list":["post-30","page","type-page","status-publish","hentry"],"_links":{"self":[{"href":"https:\/\/umbella.pl\/index.php\/wp-json\/wp\/v2\/pages\/30","targetHints":{"allow":["GET"]}}],"collection":[{"href":"https:\/\/umbella.pl\/index.php\/wp-json\/wp\/v2\/pages"}],"about":[{"href":"https:\/\/umbella.pl\/index.php\/wp-json\/wp\/v2\/types\/page"}],"author":[{"embeddable":true,"href":"https:\/\/umbella.pl\/index.php\/wp-json\/wp\/v2\/users\/1"}],"replies":[{"embeddable":true,"href":"https:\/\/umbella.pl\/index.php\/wp-json\/wp\/v2\/comments?post=30"}],"version-history":[{"count":13,"href":"https:\/\/umbella.pl\/index.php\/wp-json\/wp\/v2\/pages\/30\/revisions"}],"predecessor-version":[{"id":184,"href":"https:\/\/umbella.pl\/index.php\/wp-json\/wp\/v2\/pages\/30\/revisions\/184"}],"wp:attachment":[{"href":"https:\/\/umbella.pl\/index.php\/wp-json\/wp\/v2\/media?parent=30"}],"curies":[{"name":"wp","href":"https:\/\/api.w.org\/{rel}","templated":true}]}}