{"id":34,"date":"2025-03-17T18:06:52","date_gmt":"2025-03-17T18:06:52","guid":{"rendered":"https:\/\/umbella.pl\/?page_id=34"},"modified":"2025-10-13T20:31:18","modified_gmt":"2025-10-13T20:31:18","slug":"obsluga-informatyczna","status":"publish","type":"page","link":"https:\/\/umbella.pl\/index.php\/obsluga-informatyczna\/","title":{"rendered":"Obs\u0142uga informatyczna"},"content":{"rendered":"\n<figure class=\"wp-block-image aligncenter size-full\"><img loading=\"lazy\" decoding=\"async\" width=\"512\" height=\"208\" src=\"http:\/\/umbella.pl\/wp-content\/uploads\/2025\/03\/afaikanim.gif\" alt=\"\" class=\"wp-image-128\"\/><\/figure>\n\n\n\n<p>Oferta:<\/p>\n\n\n\n<ul class=\"wp-block-list\">\n<li>szkolenia z podstaw obs\u0142ugi komputera (systemy operacyjne Microsoft WIndows 10\/11 oraz Apple macOS)<\/li>\n<\/ul>\n\n\n\n<ul class=\"wp-block-list\">\n<li>szkolenia specjalistyczne (np. pakiet biurowy Microsoft Office, edytor grafiki wektorowej Inkscape)<\/li>\n<\/ul>\n\n\n\n<ul class=\"wp-block-list\">\n<li>audyt rozwi\u0105za\u0144 informatycznych (weryfikacja kondycji sprz\u0119tu komputerowego oraz stanu oprogramowania; optymalizacja obiegu dokument\u00f3w, komunikacji i us\u0142ug; ujednolicenie i uproszczenie infrastruktury &#8211; hardware i software)<\/li>\n<\/ul>\n\n\n\n<ul class=\"wp-block-list\">\n<li>integracja platform Mac i Windows (wymiana plik\u00f3w, zgodno\u015b\u0107 dokument\u00f3w, dob\u00f3r narz\u0119dzi i ich odpowiednik\u00f3w)<\/li>\n<\/ul>\n\n\n\n<ul class=\"wp-block-list\">\n<li>rozwi\u0105zywanie wszelkiego rodzaju problem\u00f3w informatycznych<\/li>\n<\/ul>\n\n\n\n<ul class=\"wp-block-list\">\n<li>instalacja, reinstalacja i konfiguracja oprogramowania<\/li>\n<\/ul>\n\n\n\n<ul class=\"wp-block-list\">\n<li>modernizacja sprz\u0119tu komputerowego<\/li>\n<\/ul>\n\n\n\n<ul class=\"wp-block-list\">\n<li>bezpiecze\u0144stwo i archiwizacja danych (w oparciu o rozwi\u0105zania Synology)<\/li>\n<\/ul>\n\n\n\n<ul class=\"wp-block-list\">\n<li>wdro\u017cenia systemu MDM (Mosyle)<\/li>\n<\/ul>\n\n\n\n<p>Rejestracja: <a href=\"mailto:afaik@umbella.pl\">afaik@umbella.pl<\/a><\/p>\n\n\n\n<p>Dyspozycyjno\u015b\u0107: Pn-Pt &#8211; godziny popo\u0142udniowe<\/p>\n\n\n\n<p>Koszt us\u0142ug: od 150 z\u0142\/h<\/p>\n\n\n\n<p><\/p>\n","protected":false},"excerpt":{"rendered":"<p>Oferta: Rejestracja: afaik@umbella.pl Dyspozycyjno\u015b\u0107: Pn-Pt &#8211; godziny popo\u0142udniowe Koszt us\u0142ug: od 150 z\u0142\/h<\/p>\n","protected":false},"author":1,"featured_media":0,"parent":0,"menu_order":0,"comment_status":"closed","ping_status":"closed","template":"","meta":{"footnotes":""},"class_list":["post-34","page","type-page","status-publish","hentry"],"_links":{"self":[{"href":"https:\/\/umbella.pl\/index.php\/wp-json\/wp\/v2\/pages\/34","targetHints":{"allow":["GET"]}}],"collection":[{"href":"https:\/\/umbella.pl\/index.php\/wp-json\/wp\/v2\/pages"}],"about":[{"href":"https:\/\/umbella.pl\/index.php\/wp-json\/wp\/v2\/types\/page"}],"author":[{"embeddable":true,"href":"https:\/\/umbella.pl\/index.php\/wp-json\/wp\/v2\/users\/1"}],"replies":[{"embeddable":true,"href":"https:\/\/umbella.pl\/index.php\/wp-json\/wp\/v2\/comments?post=34"}],"version-history":[{"count":19,"href":"https:\/\/umbella.pl\/index.php\/wp-json\/wp\/v2\/pages\/34\/revisions"}],"predecessor-version":[{"id":175,"href":"https:\/\/umbella.pl\/index.php\/wp-json\/wp\/v2\/pages\/34\/revisions\/175"}],"wp:attachment":[{"href":"https:\/\/umbella.pl\/index.php\/wp-json\/wp\/v2\/media?parent=34"}],"curies":[{"name":"wp","href":"https:\/\/api.w.org\/{rel}","templated":true}]}}